{"id":85,"date":"2019-03-17T13:25:26","date_gmt":"2019-03-17T13:25:26","guid":{"rendered":"https:\/\/wp.hahe.de\/?page_id=85"},"modified":"2020-08-24T16:21:30","modified_gmt":"2020-08-24T16:21:30","slug":"home","status":"publish","type":"page","link":"https:\/\/hahe.de\/","title":{"rendered":"Home"},"content":{"rendered":"<div id=\"pl-85\"  class=\"panel-layout\" ><div id=\"pg-85-0\"  class=\"panel-grid panel-no-style\" ><div id=\"pgc-85-0-0\"  class=\"panel-grid-cell\" ><div id=\"panel-85-0-0-0\" class=\"so-panel widget widget_metaslider_widget panel-first-child panel-last-child\" data-index=\"0\" ><h3 class=\"widget-title\"> <\/h3><div style=\"width: 100%; margin: 0 auto;\" class=\"ml-slider-3-11-1 metaslider metaslider-flex metaslider-89 ml-slider\">\n    \n    <div id=\"metaslider_container_89\">\n        <div id=\"metaslider_89\">\n            <ul class=\"slides\">\n                <li style=\"display: block; width: 100%;\" class=\"slide-189 ms-image\"><img width=\"1920\" height=\"1080\" src=\"https:\/\/wp.hahe.de\/wp-content\/uploads\/2020\/08\/hahesh-FB-ereignis-cover.jpg\" class=\"slider-89 slide-189\" alt=\"\" decoding=\"async\" loading=\"lazy\" rel=\"\" title=\"hahesh FB ereignis cover\" srcset=\"https:\/\/wp.hahe.de\/wp-content\/uploads\/2020\/08\/hahesh-FB-ereignis-cover.jpg 1920w, https:\/\/wp.hahe.de\/wp-content\/uploads\/2020\/08\/hahesh-FB-ereignis-cover-300x169.jpg 300w, https:\/\/wp.hahe.de\/wp-content\/uploads\/2020\/08\/hahesh-FB-ereignis-cover-1024x576.jpg 1024w, https:\/\/wp.hahe.de\/wp-content\/uploads\/2020\/08\/hahesh-FB-ereignis-cover-768x432.jpg 768w, https:\/\/wp.hahe.de\/wp-content\/uploads\/2020\/08\/hahesh-FB-ereignis-cover-1536x864.jpg 1536w\" sizes=\"(max-width: 1920px) 100vw, 1920px\" \/><\/li>\n                <li style=\"display: none; width: 100%;\" class=\"slide-98 ms-image\"><img width=\"1910\" height=\"1080\" src=\"https:\/\/wp.hahe.de\/wp-content\/uploads\/2019\/10\/MB1_4238_edited-e1571639809253.jpg\" class=\"slider-89 slide-98\" alt=\"\" decoding=\"async\" loading=\"lazy\" rel=\"\" title=\"MB1_4238_edited\" srcset=\"https:\/\/wp.hahe.de\/wp-content\/uploads\/2019\/10\/MB1_4238_edited-e1571639809253.jpg 1910w, https:\/\/wp.hahe.de\/wp-content\/uploads\/2019\/10\/MB1_4238_edited-e1571639809253-300x170.jpg 300w, https:\/\/wp.hahe.de\/wp-content\/uploads\/2019\/10\/MB1_4238_edited-e1571639809253-768x434.jpg 768w, https:\/\/wp.hahe.de\/wp-content\/uploads\/2019\/10\/MB1_4238_edited-e1571639809253-1024x579.jpg 1024w\" sizes=\"(max-width: 1910px) 100vw, 1910px\" \/><div class=\"caption-wrap\"><div class=\"caption\">Praxis<\/div><\/div><\/li>\n                <li style=\"display: none; width: 100%;\" class=\"slide-101 ms-image\"><img width=\"920\" height=\"399\" src=\"https:\/\/wp.hahe.de\/wp-content\/uploads\/2019\/03\/index_5-1.jpg\" class=\"slider-89 slide-101\" alt=\"\" decoding=\"async\" loading=\"lazy\" rel=\"\" title=\"index_5-1\" srcset=\"https:\/\/wp.hahe.de\/wp-content\/uploads\/2019\/03\/index_5-1.jpg 920w, https:\/\/wp.hahe.de\/wp-content\/uploads\/2019\/03\/index_5-1-300x130.jpg 300w, https:\/\/wp.hahe.de\/wp-content\/uploads\/2019\/03\/index_5-1-768x333.jpg 768w\" sizes=\"(max-width: 920px) 100vw, 920px\" \/><div class=\"caption-wrap\"><div class=\"caption\">Warteraum<\/div><\/div><\/li>\n                <li style=\"display: none; width: 100%;\" class=\"slide-102 ms-image\"><img width=\"920\" height=\"399\" src=\"https:\/\/wp.hahe.de\/wp-content\/uploads\/2019\/03\/index_6-1.jpg\" class=\"slider-89 slide-102\" alt=\"\" decoding=\"async\" loading=\"lazy\" rel=\"\" title=\"index_6-1\" srcset=\"https:\/\/wp.hahe.de\/wp-content\/uploads\/2019\/03\/index_6-1.jpg 920w, https:\/\/wp.hahe.de\/wp-content\/uploads\/2019\/03\/index_6-1-300x130.jpg 300w, https:\/\/wp.hahe.de\/wp-content\/uploads\/2019\/03\/index_6-1-768x333.jpg 768w\" sizes=\"(max-width: 920px) 100vw, 920px\" \/><div class=\"caption-wrap\"><div class=\"caption\">Dr. Heckmann<\/div><\/div><\/li>\n                <li style=\"display: none; width: 100%;\" class=\"slide-103 ms-image\"><img width=\"920\" height=\"399\" src=\"https:\/\/wp.hahe.de\/wp-content\/uploads\/2019\/03\/index_7-1.jpg\" class=\"slider-89 slide-103\" alt=\"\" decoding=\"async\" loading=\"lazy\" rel=\"\" title=\"index_7-1\" srcset=\"https:\/\/wp.hahe.de\/wp-content\/uploads\/2019\/03\/index_7-1.jpg 920w, https:\/\/wp.hahe.de\/wp-content\/uploads\/2019\/03\/index_7-1-300x130.jpg 300w, https:\/\/wp.hahe.de\/wp-content\/uploads\/2019\/03\/index_7-1-768x333.jpg 768w\" sizes=\"(max-width: 920px) 100vw, 920px\" \/><div class=\"caption-wrap\"><div class=\"caption\">K. Hassanzadeh<\/div><\/div><\/li>\n                <li style=\"display: none; width: 100%;\" class=\"slide-178 ms-image\"><img width=\"1920\" height=\"1080\" src=\"https:\/\/wp.hahe.de\/wp-content\/uploads\/2019\/10\/MB1_4107-versuch1_edited-e1571639623615.jpg\" class=\"slider-89 slide-178\" alt=\"\" decoding=\"async\" loading=\"lazy\" rel=\"\" title=\"MB1_4107 versuch1_edited\" srcset=\"https:\/\/wp.hahe.de\/wp-content\/uploads\/2019\/10\/MB1_4107-versuch1_edited-e1571639623615.jpg 1920w, https:\/\/wp.hahe.de\/wp-content\/uploads\/2019\/10\/MB1_4107-versuch1_edited-e1571639623615-300x169.jpg 300w, https:\/\/wp.hahe.de\/wp-content\/uploads\/2019\/10\/MB1_4107-versuch1_edited-e1571639623615-768x432.jpg 768w, https:\/\/wp.hahe.de\/wp-content\/uploads\/2019\/10\/MB1_4107-versuch1_edited-e1571639623615-1024x576.jpg 1024w\" sizes=\"(max-width: 1920px) 100vw, 1920px\" \/><\/li>\n            <\/ul>\n        <\/div>\n        \n    <\/div>\n<\/div><\/div><\/div><\/div><div id=\"pg-85-1\"  class=\"panel-grid panel-no-style\" ><div id=\"pgc-85-1-0\"  class=\"panel-grid-cell\" ><div id=\"panel-85-1-0-0\" class=\"so-panel widget widget_sow-editor panel-first-child panel-last-child\" data-index=\"1\" ><div class=\"so-widget-sow-editor so-widget-sow-editor-base\">\n<div class=\"siteorigin-widget-tinymce textwidget\">\n\t<h2>Herzlich Willkommen \u00a0<u><\/u><u><\/u><\/h2>\n<p>in ihrer modernen zahnmedizinschen Gemeinschaftspraxis.<\/p>\n<p>Aktuelle Informationen bzgl. <span style=\"color: #ff0000;\">COVID-19<\/span> in unserer Zahnarztpraxis erhalten<span style=\"color: #3366ff;\"> <a style=\"color: #3366ff;\" href=\"https:\/\/hahe.de\/index.php\/covid-19-info\/\">hier<\/a><\/span>.<\/p>\n<p>Neben hochwertigen, prothetischen Versorgungen sind die\u00a0<a href=\"https:\/\/wp.hahe.de\/index.php\/endodontologie-wurzelkanalbehandlung\/\" target=\"_blank\" rel=\"noopener\">Endodontologie<\/a>, die\u00a0\u00a0<a href=\"https:\/\/wp.hahe.de\/index.php\/parodontologie\/\" target=\"_blank\" rel=\"noopener\">Parodontologie<\/a>\u00a0sowie auch die Behandlung von\u00a0<a href=\"https:\/\/wp.hahe.de\/index.php\/schnarchen-und-schlafbezogene-atemstoerungen\/\" target=\"_blank\" rel=\"noopener\">OSAS (Schnarch\/Apnoe)<\/a>\u00a0Patienten Schwerpunkte in unserer patientenfreundlichen, innovativen Zahnarztpraxis.<u><\/u><u><\/u><\/p>\n<p>Wir m\u00f6chten Sie \u00fcber die Leistungen und Besonderheiten unserer Praxis, aber auch \u00fcber die M\u00f6glichkeiten der Zahnmedizin informieren.<br \/>\nHier haben Sie die M\u00f6glichkeit unsere Praxis etwas n\u00e4her kennenzulernen.<u><\/u><u><\/u><\/p>\n<p><strong>Unsere Philosophie tut Ihren Z\u00e4hne gut.<\/strong><\/p>\n<p>F\u00fcr uns ist unsere Zahnarztpraxis nicht nur eine medizinische Funktionseinheit zur Reparatur von Z\u00e4hnen, vielmehr eine Serviceeinrichtung f\u00fcr Sie als Menschen - schlie\u00dflich geht es um Ihre Gesundheit.<\/p>\n<p>Unser Ziel ist es, ihren Bed\u00fcrfnissen und W\u00fcnschen als Mensch und Patient, durch eine intensive, aber auch individuelle Beratung gerecht zu werden.<\/p>\n<p>Wir verstehen uns als Ihre Partner rund um Ihre Zahngesundheit und freuen uns, Ihnen mit Rat und Tat zur Seite stehen zu k\u00f6nnen.<br \/>\nWir danken Ihnen, dass Sie unserer Praxis Ihr Vertrauen schenken und w\u00fcnschen Ihnen nun viel Spa\u00df auf unseren Webseiten<br \/>\nMit Ihren Fragen, W\u00fcnschen und Anregungen wenden Sie sich bitte jederzeit an uns.<u><\/u><u><\/u><\/p>\n<p>Ihre Zahnarztpraxis und <a href=\"https:\/\/hahe.de\/index.php\/team\/\">Team<\/a><\/p>\n<p><u><\/u><u><\/u>K. Hassanzadeh &amp; Dr. S. Heckmann<\/p>\n<\/div>\n<\/div><\/div><\/div><\/div><\/div>","protected":false},"excerpt":{"rendered":"<p>Herzlich Willkommen \u00a0 in ihrer modernen zahnmedizinschen Gemeinschaftspraxis. Aktuelle Informationen bzgl. COVID-19 in unserer Zahnarztpraxis erhalten hier. Neben hochwertigen, prothetischen Versorgungen sind die\u00a0Endodontologie, die\u00a0\u00a0Parodontologie\u00a0sowie auch die Behandlung von\u00a0OSAS (Schnarch\/Apnoe)\u00a0Patienten Schwerpunkte in unserer patientenfreundlichen, innovativen Zahnarztpraxis. Wir m\u00f6chten Sie \u00fcber die Leistungen und Besonderheiten unserer Praxis, aber auch \u00fcber die M\u00f6glichkeiten der Zahnmedizin informieren. Hier haben &hellip; <a href=\"https:\/\/hahe.de\/\" title=\"Home\" class=\"read-more\">Read More<\/a><\/p>\n","protected":false},"author":1,"featured_media":0,"parent":0,"menu_order":0,"comment_status":"closed","ping_status":"closed","template":"","meta":[],"_links":{"self":[{"href":"https:\/\/hahe.de\/index.php\/wp-json\/wp\/v2\/pages\/85"}],"collection":[{"href":"https:\/\/hahe.de\/index.php\/wp-json\/wp\/v2\/pages"}],"about":[{"href":"https:\/\/hahe.de\/index.php\/wp-json\/wp\/v2\/types\/page"}],"author":[{"embeddable":true,"href":"https:\/\/hahe.de\/index.php\/wp-json\/wp\/v2\/users\/1"}],"replies":[{"embeddable":true,"href":"https:\/\/hahe.de\/index.php\/wp-json\/wp\/v2\/comments?post=85"}],"version-history":[{"count":20,"href":"https:\/\/hahe.de\/index.php\/wp-json\/wp\/v2\/pages\/85\/revisions"}],"predecessor-version":[{"id":219,"href":"https:\/\/hahe.de\/index.php\/wp-json\/wp\/v2\/pages\/85\/revisions\/219"}],"wp:attachment":[{"href":"https:\/\/hahe.de\/index.php\/wp-json\/wp\/v2\/media?parent=85"}],"curies":[{"name":"wp","href":"https:\/\/api.w.org\/{rel}","templated":true}]}}