{"id":140,"date":"2019-03-17T14:20:15","date_gmt":"2019-03-17T14:20:15","guid":{"rendered":"https:\/\/wp.hahe.de\/?page_id=140"},"modified":"2023-03-04T10:38:45","modified_gmt":"2023-03-04T10:38:45","slug":"impressum","status":"publish","type":"page","link":"https:\/\/hahe.de\/index.php\/impressum\/","title":{"rendered":"Impressum"},"content":{"rendered":"<div id=\"pl-140\"  class=\"panel-layout\" ><div id=\"pg-140-0\"  class=\"panel-grid panel-no-style\" ><div id=\"pgc-140-0-0\"  class=\"panel-grid-cell\" ><div id=\"panel-140-0-0-0\" class=\"so-panel widget widget_sow-editor panel-first-child panel-last-child\" data-index=\"0\" ><div class=\"so-widget-sow-editor so-widget-sow-editor-base\">\n<div class=\"siteorigin-widget-tinymce textwidget\">\n\t<table border=\"0\" width=\"100%\" cellspacing=\"0\" cellpadding=\"8\">\n<tbody>\n<tr>\n<td>\n<h1>Kontakt<\/h1>\n<p>Bitte haben Sie Verst\u00e4ndnis, dass wir auf diesem Weg der E-Mail Kommunikation keine Termine vergeben k\u00f6nnen.<\/p>\n<p>Bitte setzen Sie sich hierzu telefonisch mit uns in Verbindung. Sie erreichen uns unter der Rufnummer:\u00a0<strong>06831 - 62339<\/strong><\/p>\n<p>Durch unsere Terminplanung und die patientenfreundliche Sprechzeiten gestalten wir Behandlungsabl\u00e4ufe so reibungslos wie m\u00f6glich. So profitieren unserer Patienten in der Regel von sehr kurzen Wartezeiten in der Praxis. Sollte es aufgrund unvorhergesehener \"Notf\u00e4lle\" dennoch zu Wartezeiten kommen, bitten wir um Verst\u00e4ndnis.<\/p>\n<p>Am besten Sie vereinbaren bei jedem Besuch in unserer Praxis gleich Ihren n\u00e4chsten Termin. So k\u00f6nnen Sie sicher sein, keine Fristen zu verpassen und haben bestm\u00f6gliche Freir\u00e4ume bei der Terminwahl.<\/p>\n<p><strong>Wenn Sie einen vereinbarten Termin nicht wahrnehmen k\u00f6nnen...<\/strong><\/p>\n<p>...bitten wir Sie, uns dies so fr\u00fchzeitig wie m\u00f6glich mitzuteilen. So besteht f\u00fcr uns die M\u00f6glichkeit, rechtzeitig umzuplanen und den reibungslosen Arbeitsablauf in unserer Praxis sicherzustellen.<\/p>\n<p>Vielen Dank!<\/p>\n<\/td>\n<\/tr>\n<tr>\n<td><\/td>\n<\/tr>\n<tr>\n<td><strong>\u00d6ffnungszeiten<\/strong><\/p>\n<table style=\"height: 245px;\" border=\"0\" width=\"1078\" cellspacing=\"4\" cellpadding=\"4\">\n<tbody>\n<tr bgcolor=\"#dddddd\">\n<td align=\"left\" valign=\"top\" nowrap=\"nowrap\"><\/td>\n<td align=\"left\" valign=\"top\" nowrap=\"nowrap\"><strong>Sprechstunden<\/strong><\/td>\n<td align=\"left\" valign=\"top\" nowrap=\"nowrap\"><strong>Telefonzeiten<\/strong><\/td>\n<\/tr>\n<tr bgcolor=\"#ffffe8\">\n<td align=\"left\" valign=\"top\" nowrap=\"nowrap\"><strong>Montag\u00a0<\/strong><\/td>\n<td align=\"left\" valign=\"top\" nowrap=\"nowrap\">8.00 bis 18.00 Uhr<\/td>\n<td align=\"left\" valign=\"top\" nowrap=\"nowrap\">8.00 bis 16.30 Uhr<\/td>\n<\/tr>\n<tr bgcolor=\"#dddddd\">\n<td align=\"left\" valign=\"top\" nowrap=\"nowrap\"><strong>Dienstag\u00a0<\/strong><\/td>\n<td align=\"left\" valign=\"top\" nowrap=\"nowrap\">8.00 bis 18.00 Uhr<\/td>\n<td align=\"left\" valign=\"top\" nowrap=\"nowrap\">8.00 bis 16.30 Uhr<\/td>\n<\/tr>\n<tr bgcolor=\"#ffffe8\">\n<td align=\"left\" valign=\"top\" nowrap=\"nowrap\"><strong>Mittwoch \u00a0<\/strong><\/td>\n<td align=\"left\" valign=\"top\" nowrap=\"nowrap\">8.00 bis 18.00 Uhr<\/td>\n<td align=\"left\" valign=\"top\" nowrap=\"nowrap\">8.00 bis 16.30 Uhr<\/td>\n<\/tr>\n<tr bgcolor=\"#dddddd\">\n<td align=\"left\" valign=\"top\" nowrap=\"nowrap\"><strong>Donnerstag\u00a0<\/strong><\/td>\n<td align=\"left\" valign=\"top\" nowrap=\"nowrap\">8.00 bis 18.00 Uhr<\/td>\n<td align=\"left\" valign=\"top\" nowrap=\"nowrap\">8.00 bis 16.30 Uhr<\/td>\n<\/tr>\n<tr bgcolor=\"#ffffe8\">\n<td align=\"left\" valign=\"top\" nowrap=\"nowrap\"><strong>Freitag\u00a0<\/strong><\/td>\n<td align=\"left\" valign=\"top\" nowrap=\"nowrap\">8.00 bis 12.00 Uhr<\/td>\n<td align=\"left\" valign=\"top\" nowrap=\"nowrap\">8.00 bis 12.00 Uhr<\/td>\n<\/tr>\n<tr bgcolor=\"#dddddd\">\n<td align=\"left\" valign=\"top\" nowrap=\"nowrap\">Sonst, nach Absprache<\/td>\n<td align=\"left\" valign=\"top\" nowrap=\"nowrap\"><\/td>\n<td align=\"left\" valign=\"top\" nowrap=\"nowrap\"><\/td>\n<\/tr>\n<\/tbody>\n<\/table>\n<\/td>\n<\/tr>\n<tr>\n<td><\/td>\n<\/tr>\n<tr>\n<td>\n<h1>Impressum und Verantwortlich f\u00fcr den Inhalt:<\/h1>\n<p>Gemeinschaftspraxis<br \/>\nK. Hassanzadeh &amp; Dr. S. Heckmann<u><\/u><u><\/u><br \/>\nHauptstrasse 199<u><\/u><u><\/u><br \/>\nD-66740 Saarlouis<u><\/u><u><\/u><\/p>\n<p>Tel.:\u00a0<a href=\"tel:%280%29%206831-62330\" target=\"_blank\" rel=\"noopener\">(0) 6831-62339<\/a><\/p>\n<p>Fax:\u00a0<a href=\"tel:%280%29%206831-64101\" target=\"_blank\" rel=\"noopener\">(0) 6831-64101<\/a><u><\/u><u><\/u><\/p>\n<p>E-Mail <a href=\"mailto:Dr.Heckman@hahe.de\">Dr.Heckmann@hahe.de<\/a><\/p>\n<p>Steuer-ID Nummer:\u00a0010 155 05156<u><\/u><u><\/u><\/p>\n<p>Inhaltlich Verantwortlicher gem\u00e4\u00df \u00a7 5 TMG:<br \/>\n- Herr K. Hassanazdeh<u><\/u><u><\/u><br \/>\n- Herr Dr. S. Heckmann<u><\/u><u><\/u><\/p>\n<p>Berufsbezeichnung:<br \/>\n- Herr K.Hassanzadeh, Zahnarzt<br \/>\n- Herr Dr. S. Heckmann, Zahnarzt<u><\/u><u><\/u><\/p>\n<p>Berufsbezeichnung verleihender Staat:<br \/>\n- Herr K.Hassanzadeh, Hessen<br \/>\n- Herr Dr. S. Heckmann, Freistaat Bayern<u><\/u><u><\/u><\/p>\n<p>Kammer:<br \/>\n-\u00a0<a href=\"http:\/\/www.zaek-saarland.de\/\" target=\"_blank\" rel=\"noopener\">\u00c4rztekammer des Saarlandes Abt. Zahn\u00e4rzte<\/a><u><\/u><u><\/u><\/p>\n<p>Berufsrechtliche Regelungen:<br \/>\n-\u00a0<a href=\"http:\/\/www.kzvs.de\/download\/Zahnheilkundegesetz.pdf\" target=\"_blank\" rel=\"noopener\">Zahnheilkundegesetzes<\/a><br \/>\n-\u00a0<a href=\"http:\/\/www.kzvs.de\/satzungen\/o_a_SHKG.pdf\" target=\"_blank\" rel=\"noopener\">Heilberufekammergesetzes<\/a><br \/>\n-\u00a0<a href=\"http:\/\/www.kzvs.de\/satzungen\/o_a_satzberufsord.htm\" target=\"_blank\" rel=\"noopener\">Berufsordnung<\/a>\u00a0-\u00a0<a href=\"http:\/\/www.kzvs.de\/satzungen\/o_a_GOZ_Euro.pdf\" target=\"_blank\" rel=\"noopener\">GOZ<\/a><\/p>\n<\/td>\n<\/tr>\n<tr>\n<td><\/td>\n<\/tr>\n<tr>\n<td>\n<h1>RECHTLICHE HINWEISE:<\/h1>\n<h2>1. Inhalt des Webangebotes<\/h2>\n<p>Wir sind bem\u00fcht, unser Webangebot stets aktuell und inhaltlich richtig sowie vollst\u00e4ndig anzubieten. Dennoch ist das Auftreten von Fehlern nicht v\u00f6llig auszuschlie\u00dfen. Wir \u00fcbernehmen daher keinerlei Gew\u00e4hr f\u00fcr die Aktualit\u00e4t, Korrektheit, Vollst\u00e4ndigkeit oder Qualit\u00e4t der bereitgestellten Informationen. Haftungsanspr\u00fcche, welche sich auf Sch\u00e4den materieller oder ideeller Art beziehen, die durch die Nutzung oder Nichtnutzung der dargebotenen Informationen bzw. durch die Nutzung fehlerhafter und unvollst\u00e4ndiger Informationen verursacht wurden sind grunds\u00e4tzlich ausgeschlossen, es sei denn die Fehler wurden vors\u00e4tzlich oder grob fahrl\u00e4ssig aufgenommen.<br \/>\nAlle Angebote sind freibleibend und unverbindlich. Wir behalten uns ausdr\u00fccklich vor, Teile der Seiten oder das gesamte Angebot ohne gesonderte Ank\u00fcndigung zu ver\u00e4ndern, zu erg\u00e4nzen, zu l\u00f6schen oder die Ver\u00f6ffentlichung zeitweise oder endg\u00fcltig einzustellen.<\/p>\n<h2>2. Externe Verweise und Links<\/h2>\n<p>Mit Urteil vom 12. Mai 1998 hat das LG Hamburg entschieden, dass man durch die Ausbringung eines direkten oder indirekten Verweises auf fremde Internetseiten (\"Links\") die Inhalte der gelinkten Seite ggf. mit zu verantworten hat. Dies kann, so das LG, nur dadurch verhindert werden, dass man sich ausdr\u00fccklich von diesen Inhalten distanziert.<br \/>\nWir erkl\u00e4ren hiermit ausdr\u00fccklich, dass zum Zeitpunkt der Linksetzung die entsprechenden verlinkten Seiten frei von illegalen Inhalten waren. Auf die aktuelle und zuk\u00fcnftige Gestaltung, die Inhalte oder die Urheberschaft der gelinkten\/verkn\u00fcpften Seiten haben wir keinerlei Einfluss. Deshalb distanzieren wir uns hiermit ausdr\u00fccklich von allen Inhalten aller gelinkten oder verkn\u00fcpften Seiten, auch wenn von unseren Webseiten ein Link auf diese gesetzt wurde. Diese Feststellung gilt f\u00fcr alle innerhalb unseres Internetangebotes gesetzten Links und Verweise sowie f\u00fcr Fremdeintr\u00e4ge in von uns eingerichteten oder betriebenen G\u00e4steb\u00fcchern, Diskussionsforen und Mailinglisten und anderen interaktiven Seiteninhalte, welche durch Benutzer unseres Webangebotes mit Inhalten gef\u00fcllt werden k\u00f6nnen. F\u00fcr illegale, fehlerhafte oder unvollst\u00e4ndige Inhalte und insbesondere f\u00fcr Sch\u00e4den, die aus der Nutzung oder Nichtnutzung solcherart dargebotener Informationen entstehen, haftet allein der Anbieter der Seite, auf welche verwiesen wurde.<\/p>\n<h2>3. Urheber- und Kennzeichenrecht<\/h2>\n<p>Alle innerhalb des Internetangebotes genannten und ggf. durch Dritte gesch\u00fctzten Marken- und Warenzeichen unterliegen uneingeschr\u00e4nkt den Bestimmungen des jeweils g\u00fcltigen Kennzeichenrechts und den Besitzrechten der jeweiligen eingetragenen Eigent\u00fcmer.<br \/>\nDas Copyright f\u00fcr ver\u00f6ffentlichte, von uns selbst erstellte Objekte verbleibt allein bei uns als Autor der Seiten. Eine Vervielf\u00e4ltigung oder Verwendung solcher Grafiken, Tondokumente, Videosequenzen und Texte in anderen elektronischen oder gedruckten Publikationen ist ohne unsere ausdr\u00fcckliche Zustimmung nicht gestattet.<\/p>\n<h2>4. Datenschutz<\/h2>\n<p>Sofern innerhalb des Internetangebotes die M\u00f6glichkeit zur Eingabe pers\u00f6nlicher oder gesch\u00e4ftlicher Daten (Emailadressen, Namen, Anschriften u.a.) besteht, so erfolgt die Preisgabe dieser Daten seitens des Nutzers auf ausdr\u00fccklich freiwilliger Basis. Wir erkl\u00e4ren ausdr\u00fccklich, dass wir diese Daten unter keinen Umst\u00e4nden an Dritte weitergeben.<\/p>\n<h2>5. Rechtswirksamkeit<\/h2>\n<p>Dieser Haftungsausschluss ist Teil unseres Internetangebotes. Sofern einzelne Formulierungen oder Teile dieses Textes der geltenden Rechtslage nicht oder nicht mehr vollst\u00e4ndig entsprechen, bleiben die \u00fcbrigen Teile dieser Erkl\u00e4rung davon unber\u00fchrt.<\/p>\n<\/td>\n<\/tr>\n<\/tbody>\n<\/table>\n<\/div>\n<\/div><\/div><\/div><\/div><\/div>","protected":false},"excerpt":{"rendered":"<p>Kontakt Bitte haben Sie Verst\u00e4ndnis, dass wir auf diesem Weg der E-Mail Kommunikation keine Termine vergeben k\u00f6nnen. Bitte setzen Sie sich hierzu telefonisch mit uns in Verbindung. Sie erreichen uns unter der Rufnummer:\u00a006831 &#8211; 62339 Durch unsere Terminplanung und die patientenfreundliche Sprechzeiten gestalten wir Behandlungsabl\u00e4ufe so reibungslos wie m\u00f6glich. So profitieren unserer Patienten in der &hellip; <a href=\"https:\/\/hahe.de\/index.php\/impressum\/\" title=\"Impressum\" class=\"read-more\">Read More<\/a><\/p>\n","protected":false},"author":1,"featured_media":0,"parent":0,"menu_order":0,"comment_status":"closed","ping_status":"closed","template":"","meta":[],"_links":{"self":[{"href":"https:\/\/hahe.de\/index.php\/wp-json\/wp\/v2\/pages\/140"}],"collection":[{"href":"https:\/\/hahe.de\/index.php\/wp-json\/wp\/v2\/pages"}],"about":[{"href":"https:\/\/hahe.de\/index.php\/wp-json\/wp\/v2\/types\/page"}],"author":[{"embeddable":true,"href":"https:\/\/hahe.de\/index.php\/wp-json\/wp\/v2\/users\/1"}],"replies":[{"embeddable":true,"href":"https:\/\/hahe.de\/index.php\/wp-json\/wp\/v2\/comments?post=140"}],"version-history":[{"count":6,"href":"https:\/\/hahe.de\/index.php\/wp-json\/wp\/v2\/pages\/140\/revisions"}],"predecessor-version":[{"id":233,"href":"https:\/\/hahe.de\/index.php\/wp-json\/wp\/v2\/pages\/140\/revisions\/233"}],"wp:attachment":[{"href":"https:\/\/hahe.de\/index.php\/wp-json\/wp\/v2\/media?parent=140"}],"curies":[{"name":"wp","href":"https:\/\/api.w.org\/{rel}","templated":true}]}}