{"id":138,"date":"2019-03-17T14:19:10","date_gmt":"2019-03-17T14:19:10","guid":{"rendered":"https:\/\/wp.hahe.de\/?page_id=138"},"modified":"2020-08-13T10:09:57","modified_gmt":"2020-08-13T10:09:57","slug":"service","status":"publish","type":"page","link":"https:\/\/hahe.de\/index.php\/service\/","title":{"rendered":"Service"},"content":{"rendered":"<div id=\"pl-138\"  class=\"panel-layout\" ><div id=\"pg-138-0\"  class=\"panel-grid panel-no-style\" ><div id=\"pgc-138-0-0\"  class=\"panel-grid-cell\" ><div id=\"panel-138-0-0-0\" class=\"so-panel widget widget_sow-editor panel-first-child panel-last-child\" data-index=\"0\" ><div class=\"so-widget-sow-editor so-widget-sow-editor-base\">\n<div class=\"siteorigin-widget-tinymce textwidget\">\n\t<h2>Unser Service<\/h2>\n<h3>Qualit\u00e4t - ohne falsche Kompromisse<\/h3>\n<p>Das Reparieren von bestehenden Zahnsch\u00e4den ist zur Zeit noch Hauptarbeitsfeld aller Zahn\u00e4rzte.<br \/>\nDurch eine umfassende Fr\u00fcherkennung und Behandlung (Prophylaxe) wird in der Zukunft der aufgekl\u00e4rte, motivierte und eigenverantwortliche Patient mit gesunden Z\u00e4hnen und gesundem Zahnfleisch die Regel darstellen.<br \/>\nUnsere Aufgabe ist es, Ihnen auf dem Weg in folgendes Ziel zu helfen:<\/p>\n<blockquote>\n<p>99 \u2013 77 \u2013 22<\/p>\n<p>99 % unserer Patienten sollen mit 77 Jahren noch mindestens 22 ihrer eigenen Z\u00e4hne besitzen!<\/p>\n<\/blockquote>\n<p>Im t\u00e4glichen Behandlungsablauf werden Sie als Patient dabei individuelle betreut. Wert legen wir dabei besonders auf eine optimale Behandlung unter den jeweiligen pers\u00f6nlichen und fachlichen Zielvorstellungen und nicht unter den Zielvorstellungen der jeweiligen Gesundheitspolitik.<\/p>\n<h3>Praxisservice<\/h3>\n<h4>Wartezeit?<\/h4>\n<p>Unsere Frau Dostert am Empfang hat jederzeit ein offenes Ohr f\u00fcr Sie<br \/>\nund ist stets bem\u00fcht, Ihnen bei der passenden Wahl der Behandlungstermine behilflich zu sein.<\/p>\n<h4>Termin-Erinnerung<\/h4>\n<p>Mit unserem Recall Service erinnern wir Sie an wiederkehrende Behandlungen, professionelle Zahnreinigungen, Perio-Powder oder Ihren n\u00e4chsten Termin bei uns.<\/p>\n<p>Dies gibt Ihnen und uns gr\u00f6\u00dftm\u00f6gliche Planungssicherheit und hilft Wartezeiten auszuschlie\u00dfen.<\/p>\n<p>Durch dieses zeitoptimiertes Bestellsystem, k\u00f6nnen wir Ihnen auch bei akuten Notf\u00e4llen schnellstm\u00f6glich helfen.<\/p>\n<\/div>\n<\/div><\/div><\/div><\/div><\/div>","protected":false},"excerpt":{"rendered":"<p>Unser Service Qualit\u00e4t &#8211; ohne falsche Kompromisse Das Reparieren von bestehenden Zahnsch\u00e4den ist zur Zeit noch Hauptarbeitsfeld aller Zahn\u00e4rzte. Durch eine umfassende Fr\u00fcherkennung und Behandlung (Prophylaxe) wird in der Zukunft der aufgekl\u00e4rte, motivierte und eigenverantwortliche Patient mit gesunden Z\u00e4hnen und gesundem Zahnfleisch die Regel darstellen. Unsere Aufgabe ist es, Ihnen auf dem Weg in folgendes &hellip; <a href=\"https:\/\/hahe.de\/index.php\/service\/\" title=\"Service\" class=\"read-more\">Read More<\/a><\/p>\n","protected":false},"author":1,"featured_media":0,"parent":0,"menu_order":0,"comment_status":"closed","ping_status":"closed","template":"","meta":[],"_links":{"self":[{"href":"https:\/\/hahe.de\/index.php\/wp-json\/wp\/v2\/pages\/138"}],"collection":[{"href":"https:\/\/hahe.de\/index.php\/wp-json\/wp\/v2\/pages"}],"about":[{"href":"https:\/\/hahe.de\/index.php\/wp-json\/wp\/v2\/types\/page"}],"author":[{"embeddable":true,"href":"https:\/\/hahe.de\/index.php\/wp-json\/wp\/v2\/users\/1"}],"replies":[{"embeddable":true,"href":"https:\/\/hahe.de\/index.php\/wp-json\/wp\/v2\/comments?post=138"}],"version-history":[{"count":2,"href":"https:\/\/hahe.de\/index.php\/wp-json\/wp\/v2\/pages\/138\/revisions"}],"predecessor-version":[{"id":191,"href":"https:\/\/hahe.de\/index.php\/wp-json\/wp\/v2\/pages\/138\/revisions\/191"}],"wp:attachment":[{"href":"https:\/\/hahe.de\/index.php\/wp-json\/wp\/v2\/media?parent=138"}],"curies":[{"name":"wp","href":"https:\/\/api.w.org\/{rel}","templated":true}]}}