{"id":129,"date":"2019-03-17T14:03:19","date_gmt":"2019-03-17T14:03:19","guid":{"rendered":"https:\/\/wp.hahe.de\/?page_id=129"},"modified":"2019-03-17T14:18:35","modified_gmt":"2019-03-17T14:18:35","slug":"schnarchen-und-schlafbezogene-atemstoerungen","status":"publish","type":"page","link":"https:\/\/hahe.de\/index.php\/schnarchen-und-schlafbezogene-atemstoerungen\/","title":{"rendered":"Schnarchen und schlafbezogene Atemst\u00f6rungen"},"content":{"rendered":"<div id=\"pl-129\"  class=\"panel-layout\" ><div id=\"pg-129-0\"  class=\"panel-grid panel-no-style\" ><div id=\"pgc-129-0-0\"  class=\"panel-grid-cell\" ><div id=\"panel-129-0-0-0\" class=\"so-panel widget widget_sow-editor panel-first-child panel-last-child\" data-index=\"0\" ><div class=\"panel-widget-style panel-widget-style-for-129-0-0-0\" ><div class=\"so-widget-sow-editor so-widget-sow-editor-base\">\n<div class=\"siteorigin-widget-tinymce textwidget\">\n\t<p style=\"text-align: center;\"><span style=\"color: #000000;\">Unsere Praxis ist seit 2012 nach den Richtlinien der Deutschen Gesellschaft f\u00fcr zahnmedizinische<\/span><br \/>\n<span style=\"color: #000000;\">Schlafmedizin (<\/span><strong><a href=\"http:\/\/www.dgzs.de\/mitgliedspraxen\" target=\"_blank\" rel=\"noopener\">DGZS<\/a><\/strong><span style=\"color: #000000;\">) zertifiziert.<\/span><\/p>\n<p style=\"text-align: center;\"><span style=\"color: #000000;\">Um Ihnen die Thematik der schlafbezogenen Schlafapnoe \/ des Schnarchens zu verdeutlichen, geben<\/span><br \/>\n<span style=\"color: #000000;\">wir Ihnen hier die M\u00f6glichkeit,<\/span>\u00a0<a href=\"http:\/\/www.clipfish.de\/video\/3881213\/sterntv-rtl-intersleep-aerzte-gegen-schnarchen-und-schlafapnoe\/\" target=\"_blank\" rel=\"noopener\"><strong>einen sehr interessanten Bericht (Stern TV von G. Jauch)<\/strong> anzusehen<\/a><\/p>\n<\/div>\n<\/div><\/div><\/div><\/div><\/div><div id=\"pg-129-1\"  class=\"panel-grid panel-no-style\" ><div id=\"pgc-129-1-0\"  class=\"panel-grid-cell\" ><div id=\"panel-129-1-0-0\" class=\"so-panel widget widget_sow-editor panel-first-child panel-last-child\" data-index=\"1\" ><div class=\"so-widget-sow-editor so-widget-sow-editor-base\">\n<div class=\"siteorigin-widget-tinymce textwidget\">\n\t<p>Meist wird das Schnarchen als sehr l\u00e4stiges, die Partnerschaft belastendes, aber harmloses Ph\u00e4nomen eingestuft. Mittlerweile hat es sich zu einem zentralen Forschungsthema entwickelt und stellt eine medizinische Herausforderung f\u00fcr die interdisziplin\u00e4re Zusammenarbeit zwischen Zahn\u00e4rzten, Zahntechnikern, Internisten, HNO- \u00c4rzten, Lungenfach\u00e4rzten und Schlafmedizinern dar.<br \/>\nEin gesunder und erholsamer Schlaf setzt den ungehinderten und freien Weg der Atemluft durch den Rachen voraus. Ein betr\u00e4chtlicher Anteil der Bev\u00f6lkerung leidet jedoch unter schlafbezogenen Atemst\u00f6rungen. Sie wachen trotz eines langen Schlafes m\u00fcde und unausgeruht auf. Tags\u00fcber fallen sie in kurze Schlafphasen, den sogenannten Sekundenschlaf.<\/p>\n<\/div>\n<\/div><\/div><\/div><div id=\"pgc-129-1-1\"  class=\"panel-grid-cell\" ><div id=\"panel-129-1-1-0\" class=\"so-panel widget widget_sow-image panel-first-child panel-last-child\" data-index=\"2\" ><div class=\"so-widget-sow-image so-widget-sow-image-default-bd5cd9da0588\">\r\n\r\n<div class=\"sow-image-container\">\r\n\t<img src=\"https:\/\/wp.hahe.de\/wp-content\/uploads\/2019\/03\/Apnea_Link_Schlaf.jpg\" width=\"300\" height=\"200\" sizes=\"(max-width: 300px) 100vw, 300px\" alt=\"\" \t\tclass=\"so-widget-image\"\/>\r\n<\/div>\r\n\r\n<\/div><\/div><\/div><\/div><div id=\"pg-129-2\"  class=\"panel-grid panel-no-style\" ><div id=\"pgc-129-2-0\"  class=\"panel-grid-cell\" ><div id=\"panel-129-2-0-0\" class=\"so-panel widget widget_sow-editor panel-first-child panel-last-child\" data-index=\"3\" ><div class=\"so-widget-sow-editor so-widget-sow-editor-base\">\n<div class=\"siteorigin-widget-tinymce textwidget\">\n\t<h2>Noch normal oder schon krank?<\/h2>\n<p>Bei jedem Menschen treten im Schlaf Phasen von Atemstillst\u00e4nden auf. Dauern diese aber l\u00e4nger als zehn Sekunden an und treten h\u00e4ufiger als f\u00fcnfmal pro Stunde auf, muss ein krankhafter Befund angenommen werden: durch die Erschlaffung der Rachenmuskulatur kommt es zu einem Verschluss der Atemwege. Der K\u00f6rper nimmt in diesem Abschnitt \u00fcber die Lunge kaum noch Sauerstoff auf.<\/p>\n<\/div>\n<\/div><\/div><\/div><\/div><div id=\"pg-129-3\"  class=\"panel-grid panel-no-style\" ><div id=\"pgc-129-3-0\"  class=\"panel-grid-cell\" ><div id=\"panel-129-3-0-0\" class=\"so-panel widget widget_sow-editor panel-first-child\" data-index=\"4\" ><div class=\"so-widget-sow-editor so-widget-sow-editor-base\">\n<div class=\"siteorigin-widget-tinymce textwidget\">\n\t<h3 style=\"text-align: center;\">Normal<\/h3>\n<\/div>\n<\/div><\/div><div id=\"panel-129-3-0-1\" class=\"so-panel widget widget_sow-image\" data-index=\"5\" ><div class=\"so-widget-sow-image so-widget-sow-image-default-b37b538aacbf\">\r\n\r\n<div class=\"sow-image-container\">\r\n\t<img src=\"https:\/\/wp.hahe.de\/wp-content\/uploads\/2019\/03\/1_normale_atmung.jpg\" width=\"103\" height=\"103\" sizes=\"(max-width: 103px) 100vw, 103px\" alt=\"\" \t\tclass=\"so-widget-image\"\/>\r\n<\/div>\r\n\r\n<\/div><\/div><div id=\"panel-129-3-0-2\" class=\"so-panel widget widget_sow-editor panel-last-child\" data-index=\"6\" ><div class=\"so-widget-sow-editor so-widget-sow-editor-base\">\n<div class=\"siteorigin-widget-tinymce textwidget\">\n\t<p style=\"text-align: left;\">W\u00e4hrend des normalen Schlafs, halten die Muskeln der Zunge und das Gaumensegel den Luftweg offen.<\/p>\n<\/div>\n<\/div><\/div><\/div><div id=\"pgc-129-3-1\"  class=\"panel-grid-cell\" ><div id=\"panel-129-3-1-0\" class=\"so-panel widget widget_sow-editor panel-first-child\" data-index=\"7\" ><div class=\"so-widget-sow-editor so-widget-sow-editor-base\">\n<div class=\"siteorigin-widget-tinymce textwidget\">\n\t<h3 style=\"text-align: center;\">Schnarchen<\/h3>\n<\/div>\n<\/div><\/div><div id=\"panel-129-3-1-1\" class=\"so-panel widget widget_sow-image\" data-index=\"8\" ><div class=\"so-widget-sow-image so-widget-sow-image-default-b37b538aacbf\">\r\n\r\n<div class=\"sow-image-container\">\r\n\t<img src=\"https:\/\/wp.hahe.de\/wp-content\/uploads\/2019\/03\/2_snoring_atmung.jpg\" width=\"103\" height=\"106\" sizes=\"(max-width: 103px) 100vw, 103px\" alt=\"\" \t\tclass=\"so-widget-image\"\/>\r\n<\/div>\r\n\r\n<\/div><\/div><div id=\"panel-129-3-1-2\" class=\"so-panel widget widget_sow-editor panel-last-child\" data-index=\"9\" ><div class=\"so-widget-sow-editor so-widget-sow-editor-base\">\n<div class=\"siteorigin-widget-tinymce textwidget\">\n\t<p style=\"text-align: left;\">Wenn sich diese Muskeln entspannen, wird der Luftweg enger. Das kann zu Schnarchen und Atembeschwerden f\u00fchren.<\/p>\n<\/div>\n<\/div><\/div><\/div><div id=\"pgc-129-3-2\"  class=\"panel-grid-cell\" ><div id=\"panel-129-3-2-0\" class=\"so-panel widget widget_sow-editor panel-first-child\" data-index=\"10\" ><div class=\"so-widget-sow-editor so-widget-sow-editor-base\">\n<div class=\"siteorigin-widget-tinymce textwidget\">\n\t<h3 style=\"text-align: center;\">OSA<\/h3>\n<\/div>\n<\/div><\/div><div id=\"panel-129-3-2-1\" class=\"so-panel widget widget_sow-image\" data-index=\"11\" ><div class=\"so-widget-sow-image so-widget-sow-image-default-b37b538aacbf\">\r\n\r\n<div class=\"sow-image-container\">\r\n\t<img src=\"https:\/\/wp.hahe.de\/wp-content\/uploads\/2019\/03\/3_osa_atmung.jpg\" width=\"104\" height=\"108\" sizes=\"(max-width: 104px) 100vw, 104px\" alt=\"\" \t\tclass=\"so-widget-image\"\/>\r\n<\/div>\r\n\r\n<\/div><\/div><div id=\"panel-129-3-2-2\" class=\"so-panel widget widget_sow-editor panel-last-child\" data-index=\"12\" ><div class=\"so-widget-sow-editor so-widget-sow-editor-base\">\n<div class=\"siteorigin-widget-tinymce textwidget\">\n\t<p style=\"text-align: left;\">Entspannen sich die Muskel zu weit, kann der Luftweg blockiert werden und die Atmung setzt aus.<\/p>\n<\/div>\n<\/div><\/div><\/div><\/div><div id=\"pg-129-4\"  class=\"panel-grid panel-no-style\" ><div id=\"pgc-129-4-0\"  class=\"panel-grid-cell\" ><div id=\"panel-129-4-0-0\" class=\"so-panel widget widget_sow-editor panel-first-child panel-last-child\" data-index=\"13\" ><div class=\"so-widget-sow-editor so-widget-sow-editor-base\">\n<div class=\"siteorigin-widget-tinymce textwidget\">\n\t<p>Warnsymptome sind:<\/p>\n<ul>\n<li>lautes, unregelm\u00e4\u00dfiges Schnarchen<\/li>\n<li>Atempausen w\u00e4hrend des Schlafes<\/li>\n<li>h\u00e4ufiges Einschlafen bei monotonen T\u00e4tigkeiten (Nachtfahrten auf Autobahn)<\/li>\n<li>Konzentrations- und Ged\u00e4chtnisst\u00f6rungen<\/li>\n<li>gesteigerte Reizbarkeit.<\/li>\n<\/ul>\n<h2>Aufzeichnung von Atmungsst\u00f6rungen<\/h2>\n<p>Zur genauen Diagnostik der vorliegenden schlafbezogenen Atmungsst\u00f6rungen ist eine n\u00e4chtliche Schlafaufzeichnung, ein so genanntes \"Apnoe-Screening\" notwendig. In unserer Praxis kommt hierf\u00fcr ein Apnealink-Ger\u00e4t zum Einsatz, das interessierten Patienten jederzeit zur Verf\u00fcgung steht. Die computergest\u00fctzte Auswertung gibt klare Hinweise auf eventuell vorhandene Atmungsst\u00f6rungen und ist ein wichtiges Kriterium in der Auswahl der Therapiemittel.<\/p>\n<\/div>\n<\/div><\/div><\/div><\/div><div id=\"pg-129-5\"  class=\"panel-grid panel-no-style\" ><div id=\"pgc-129-5-0\"  class=\"panel-grid-cell\" ><div id=\"panel-129-5-0-0\" class=\"so-panel widget widget_sow-image panel-first-child panel-last-child\" data-index=\"14\" ><div class=\"so-widget-sow-image so-widget-sow-image-default-b37b538aacbf\">\r\n\r\n<div class=\"sow-image-container\">\r\n\t<img src=\"https:\/\/wp.hahe.de\/wp-content\/uploads\/2019\/03\/Apnea_Link_geraet.jpg\" width=\"400\" height=\"262\" srcset=\"https:\/\/wp.hahe.de\/wp-content\/uploads\/2019\/03\/Apnea_Link_geraet.jpg 400w, https:\/\/wp.hahe.de\/wp-content\/uploads\/2019\/03\/Apnea_Link_geraet-300x197.jpg 300w\" sizes=\"(max-width: 400px) 100vw, 400px\" alt=\"\" \t\tclass=\"so-widget-image\"\/>\r\n<\/div>\r\n\r\n<\/div><\/div><\/div><div id=\"pgc-129-5-1\"  class=\"panel-grid-cell\" ><div id=\"panel-129-5-1-0\" class=\"so-panel widget widget_sow-image panel-first-child panel-last-child\" data-index=\"15\" ><div class=\"so-widget-sow-image so-widget-sow-image-default-b37b538aacbf\">\r\n\r\n<div class=\"sow-image-container\">\r\n\t<img src=\"https:\/\/wp.hahe.de\/wp-content\/uploads\/2019\/03\/ApneaLink_Patient.jpg\" width=\"400\" height=\"440\" srcset=\"https:\/\/wp.hahe.de\/wp-content\/uploads\/2019\/03\/ApneaLink_Patient.jpg 400w, https:\/\/wp.hahe.de\/wp-content\/uploads\/2019\/03\/ApneaLink_Patient-273x300.jpg 273w\" sizes=\"(max-width: 400px) 100vw, 400px\" alt=\"\" \t\tclass=\"so-widget-image\"\/>\r\n<\/div>\r\n\r\n<\/div><\/div><\/div><\/div><div id=\"pg-129-6\"  class=\"panel-grid panel-no-style\" ><div id=\"pgc-129-6-0\"  class=\"panel-grid-cell\" ><div id=\"panel-129-6-0-0\" class=\"so-panel widget widget_sow-editor panel-first-child panel-last-child\" data-index=\"16\" ><div class=\"so-widget-sow-editor so-widget-sow-editor-base\">\n<div class=\"siteorigin-widget-tinymce textwidget\">\n\t<p>Pulmologen, HNO-\u00c4rzte, Internisten oder Schlafmediziner k\u00f6nnen unter anderem mit dem Apnoe-Hypnoe-Index (AHI) eine Schlafapnoe diagnostizieren. In der interdisziplin\u00e4ren Zusammenarbeit kann Patienten hier in vielen F\u00e4llen erfolgreich mit intraoralen Unterkiefer-Protrusionsschiene geholfen werden.<\/p>\n<h2>M\u00f6gliche Folgen<\/h2>\n<p>Dauert die verminderte Sauerstoffs\u00e4ttigung im Schlaf \u00fcber Jahre an, k\u00f6nnen die n\u00e4chtlichen Atemstillst\u00e4nde zu weiteren Begleit- und Folgeerscheinungen f\u00fchren, da die anhaltende Atemnot verhindert, dass der Schlafende die erholsame Tiefschlafphase erreicht. Am Tag sind die Betroffenen weniger belastbar und k\u00e4mpfen mit einer erh\u00f6hten Tagesm\u00fcdigkeit oder erh\u00f6hter Reizbarkeit. Das schr\u00e4nkt Ihre Leistungsf\u00e4higkeit erheblich ein!<br \/>\nBegleiterscheinungen sind:<\/p>\n<ul>\n<li>n\u00e4chtliche Herzrhythmusst\u00f6rungen, Herzrasen<\/li>\n<li>hoher Blutdruck bis hin zum Schlaganfall<\/li>\n<li>Herzinfarkt<\/li>\n<li>Unfallrisiko durch Sekundenschlaf.<\/li>\n<\/ul>\n<p>Das alles f\u00fchrt dazu, dass sich die Lebenserwartung der Patienten mit Schlafapnoe-Syndrom erheblich verk\u00fcrzen kann. Es ist deshalb wichtig, eine derartige Atemst\u00f6rung schnellstm\u00f6glich zu behandeln.<\/p>\n<h2>Schienentherapie<\/h2>\n<p>Neben chirurgischen und maschinellen Therapieformen kann eine Unterkiefer-Vorverlagerung zur Aufl\u00f6sung des Verschlusses im Rachenraum f\u00fchren. Dies erreicht man mit speziellen sogenannten Unterkiefer-Protrusionsschienen (UPS).<\/p>\n<\/div>\n<\/div><\/div><\/div><\/div><div id=\"pg-129-7\"  class=\"panel-grid panel-no-style\" ><div id=\"pgc-129-7-0\"  class=\"panel-grid-cell\" ><div id=\"panel-129-7-0-0\" class=\"so-panel widget widget_sow-image panel-first-child panel-last-child\" data-index=\"17\" ><div class=\"so-widget-sow-image so-widget-sow-image-default-b37b538aacbf\">\r\n\r\n<div class=\"sow-image-container\">\r\n\t<img src=\"https:\/\/wp.hahe.de\/wp-content\/uploads\/2019\/03\/schine-zwei.jpg\" width=\"900\" height=\"398\" srcset=\"https:\/\/wp.hahe.de\/wp-content\/uploads\/2019\/03\/schine-zwei.jpg 900w, https:\/\/wp.hahe.de\/wp-content\/uploads\/2019\/03\/schine-zwei-300x133.jpg 300w, https:\/\/wp.hahe.de\/wp-content\/uploads\/2019\/03\/schine-zwei-768x340.jpg 768w\" sizes=\"(max-width: 900px) 100vw, 900px\" alt=\"\" \t\tclass=\"so-widget-image\"\/>\r\n<\/div>\r\n\r\n<\/div><\/div><\/div><\/div><div id=\"pg-129-8\"  class=\"panel-grid panel-no-style\" ><div id=\"pgc-129-8-0\"  class=\"panel-grid-cell\" ><div id=\"panel-129-8-0-0\" class=\"so-panel widget widget_sow-image panel-first-child panel-last-child\" data-index=\"18\" ><div class=\"so-widget-sow-image so-widget-sow-image-default-bd5cd9da0588\">\r\n\r\n<div class=\"sow-image-container\">\r\n\t<img src=\"https:\/\/wp.hahe.de\/wp-content\/uploads\/2019\/03\/schiene-3.jpg\" width=\"429\" height=\"300\" srcset=\"https:\/\/wp.hahe.de\/wp-content\/uploads\/2019\/03\/schiene-3.jpg 429w, https:\/\/wp.hahe.de\/wp-content\/uploads\/2019\/03\/schiene-3-300x210.jpg 300w\" sizes=\"(max-width: 429px) 100vw, 429px\" alt=\"\" \t\tclass=\"so-widget-image\"\/>\r\n<\/div>\r\n\r\n<\/div><\/div><\/div><div id=\"pgc-129-8-1\"  class=\"panel-grid-cell\" ><div id=\"panel-129-8-1-0\" class=\"so-panel widget widget_sow-editor panel-first-child panel-last-child\" data-index=\"19\" ><div class=\"so-widget-sow-editor so-widget-sow-editor-base\">\n<div class=\"siteorigin-widget-tinymce textwidget\">\n\t<p>Moderne Unterkieferprotrusionsschienen sind individuell einstellbare Zweischienensystme die im Ober- und Unterkiefer eingesetzt werden. Beide sind mit einem Verbindungselement (starr oder frei) verbunden, welches die stufenlose, komfortable Vorw\u00e4rtseinstellung des Unterkiefers in Relation zum Oberkiefer erm\u00f6glicht.<br \/>\nDiese Therapieform ist wenig belastend und einfach in der Anwendung. Mit diesen IST-Schienen (Intraorale Schnarch-Therapie) wird eine stufenlose Vorverlagerung des Unterkiefers erreicht und gleichzeitig - nach Ermittlung der optimalen Position des Unterkiefers - die Einengung des Rachenbereiches weit m\u00f6glichst aufgel\u00f6st. Die Mundatmung ist weiterhin problemlos m\u00f6glich. Wichtig bei den Therapieger\u00e4ten ist die dauerhafte Anwendung durch den Patienten.<\/p>\n<\/div>\n<\/div><\/div><\/div><\/div><div id=\"pg-129-9\"  class=\"panel-grid panel-no-style\" ><div id=\"pgc-129-9-0\"  class=\"panel-grid-cell\" ><div id=\"panel-129-9-0-0\" class=\"so-panel widget widget_sow-editor panel-first-child panel-last-child\" data-index=\"20\" ><div class=\"so-widget-sow-editor so-widget-sow-editor-base\">\n<div class=\"siteorigin-widget-tinymce textwidget\">\n\t<p>Der Effekt: Das Schnarchen, die obstruktiven Schlafapnoen und die Gesundheitsrisiken werden nachweislich reduziert und die damit verbundene Leistungsf\u00e4higkeit und Lebensqualit\u00e4t der Betroffenen verbessert sich deutlich. Verschiedene Schienentypen stehen - je nach Schweregrad der Erkrankung - zur Therapie zur Verf\u00fcgung. Mit der neuesten Generation der Unterkieferprotrusionsschienen ist eine Behandlung von schlafbezogenen Atmungsst\u00f6rungen sowie n\u00e4chtlichem Z\u00e4hneknirschen gleichzeitig m\u00f6glich.<\/p>\n<\/div>\n<\/div><\/div><\/div><\/div><div id=\"pg-129-10\"  class=\"panel-grid panel-no-style\" ><div id=\"pgc-129-10-0\"  class=\"panel-grid-cell\" ><div id=\"panel-129-10-0-0\" class=\"so-panel widget widget_sow-editor panel-first-child panel-last-child\" data-index=\"21\" ><div class=\"so-widget-sow-editor so-widget-sow-editor-base\">\n<div class=\"siteorigin-widget-tinymce textwidget\">\n\t<h2>Meilenstein f\u00fcr die schlafmedizinische Schienentherapie<\/h2>\n<p>In den vergangenen drei Jahren hat der Vorstand der Deutschen Gesellschaft f\u00fcr Schlafforschung und Schlafmedizin (DGSM) die neue S3-Leitlinie \"Nichterholsamer Schlaf\" mit hohem Aufwand erarbeitet. Die internationale wissenschaftliche Literatur wurde gesichtet, bez\u00fcglich Evidenz bewertet und daraus die aktuellen Empfehlungen zur Diagnostik und Therapie von Schlafst\u00f6rungen formuliert.<\/p>\n<\/div>\n<\/div><\/div><\/div><div id=\"pgc-129-10-1\"  class=\"panel-grid-cell\" ><div id=\"panel-129-10-1-0\" class=\"so-panel widget widget_sow-image panel-first-child panel-last-child\" data-index=\"22\" ><div class=\"so-widget-sow-image so-widget-sow-image-default-bd5cd9da0588\">\r\n\r\n<div class=\"sow-image-container\">\r\n\t<img src=\"https:\/\/wp.hahe.de\/wp-content\/uploads\/2019\/03\/schiene-4.jpg\" width=\"451\" height=\"300\" srcset=\"https:\/\/wp.hahe.de\/wp-content\/uploads\/2019\/03\/schiene-4.jpg 451w, https:\/\/wp.hahe.de\/wp-content\/uploads\/2019\/03\/schiene-4-300x200.jpg 300w\" sizes=\"(max-width: 451px) 100vw, 451px\" alt=\"\" \t\tclass=\"so-widget-image\"\/>\r\n<\/div>\r\n\r\n<\/div><\/div><\/div><\/div><div id=\"pg-129-11\"  class=\"panel-grid panel-no-style\" ><div id=\"pgc-129-11-0\"  class=\"panel-grid-cell\" ><div id=\"panel-129-11-0-0\" class=\"so-panel widget widget_sow-editor panel-first-child panel-last-child\" data-index=\"23\" ><div class=\"so-widget-sow-editor so-widget-sow-editor-base\">\n<div class=\"siteorigin-widget-tinymce textwidget\">\n\t<p>Zum Abschluss dieses Prozesses hat die DGSM zwei Konferenzen einberufen und dazu verschiedene Fachgesellschaften eingeladen, wie beispielsweise die Deutsche Gesellschaft f\u00fcr Pneumologie und Beatmungsmedizin, die Deutsche Gesellschaft f\u00fcr HNO-Heilkunde, die Deutsche Gesellschaft f\u00fcr Allgemeinmedizin und weitere mehr. Auch die Deutsche Gesellschaft f\u00fcr Zahn\u00e4rztliche Schlafmedizin (DGZS) wurde eingeladen und hat an dieser Leitlinie ma\u00dfgeblich mitgearbeitet. Bei wichtigen Punkten bez\u00fcglich der Therapie schlafbezogener Atmungsst\u00f6rungen und Bruxismus mittels intraoraler Schienen und Qualifikation der Behandler konnten so seitens der DGZS Anregungen mit in die Leitlinie eingebracht werden.<br \/>\nDie S3-Leitlinie wurde im Herbst 2009 verabschiedet und somit erfolgte nun endlich auch in Deutschland die Anerkennung der Protrusionsschienen als evidenzbasierte Therapieoption bei schlafbezogenen Atmungsst\u00f6rungen!<\/p>\n<\/div>\n<\/div><\/div><\/div><\/div><\/div>","protected":false},"excerpt":{"rendered":"<p>Unsere Praxis ist seit 2012 nach den Richtlinien der Deutschen Gesellschaft f\u00fcr zahnmedizinische Schlafmedizin (DGZS) zertifiziert. Um Ihnen die Thematik der schlafbezogenen Schlafapnoe \/ des Schnarchens zu verdeutlichen, geben wir Ihnen hier die M\u00f6glichkeit,\u00a0einen sehr interessanten Bericht (Stern TV von G. Jauch) anzusehen Meist wird das Schnarchen als sehr l\u00e4stiges, die Partnerschaft belastendes, aber harmloses &hellip; <a href=\"https:\/\/hahe.de\/index.php\/schnarchen-und-schlafbezogene-atemstoerungen\/\" title=\"Schnarchen und schlafbezogene Atemst\u00f6rungen\" class=\"read-more\">Read More<\/a><\/p>\n","protected":false},"author":1,"featured_media":0,"parent":0,"menu_order":0,"comment_status":"closed","ping_status":"closed","template":"","meta":[],"_links":{"self":[{"href":"https:\/\/hahe.de\/index.php\/wp-json\/wp\/v2\/pages\/129"}],"collection":[{"href":"https:\/\/hahe.de\/index.php\/wp-json\/wp\/v2\/pages"}],"about":[{"href":"https:\/\/hahe.de\/index.php\/wp-json\/wp\/v2\/types\/page"}],"author":[{"embeddable":true,"href":"https:\/\/hahe.de\/index.php\/wp-json\/wp\/v2\/users\/1"}],"replies":[{"embeddable":true,"href":"https:\/\/hahe.de\/index.php\/wp-json\/wp\/v2\/comments?post=129"}],"version-history":[{"count":8,"href":"https:\/\/hahe.de\/index.php\/wp-json\/wp\/v2\/pages\/129\/revisions"}],"predecessor-version":[{"id":137,"href":"https:\/\/hahe.de\/index.php\/wp-json\/wp\/v2\/pages\/129\/revisions\/137"}],"wp:attachment":[{"href":"https:\/\/hahe.de\/index.php\/wp-json\/wp\/v2\/media?parent=129"}],"curies":[{"name":"wp","href":"https:\/\/api.w.org\/{rel}","templated":true}]}}