{"id":121,"date":"2019-03-17T13:59:52","date_gmt":"2019-03-17T13:59:52","guid":{"rendered":"https:\/\/wp.hahe.de\/?page_id=121"},"modified":"2020-08-14T06:44:05","modified_gmt":"2020-08-14T06:44:05","slug":"endodontologie-wurzelkanalbehandlung","status":"publish","type":"page","link":"https:\/\/hahe.de\/index.php\/endodontologie-wurzelkanalbehandlung\/","title":{"rendered":"Endodontologie (Wurzelkanalbehandlung)"},"content":{"rendered":"<div id=\"pl-121\"  class=\"panel-layout\" ><div id=\"pg-121-0\"  class=\"panel-grid panel-no-style\" ><div id=\"pgc-121-0-0\"  class=\"panel-grid-cell\" ><div id=\"panel-121-0-0-0\" class=\"so-panel widget widget_sow-image panel-first-child panel-last-child\" data-index=\"0\" ><div class=\"so-widget-sow-image so-widget-sow-image-default-bd5cd9da0588\">\r\n\r\n<div class=\"sow-image-container\">\r\n\t<img src=\"https:\/\/wp.hahe.de\/wp-content\/uploads\/2019\/03\/endo_1.jpg\" width=\"175\" height=\"300\" sizes=\"(max-width: 175px) 100vw, 175px\" alt=\"\" \t\tclass=\"so-widget-image\"\/>\r\n<\/div>\r\n\r\n<\/div><\/div><\/div><div id=\"pgc-121-0-1\"  class=\"panel-grid-cell\" ><div id=\"panel-121-0-1-0\" class=\"so-panel widget widget_sow-editor panel-first-child panel-last-child\" data-index=\"1\" ><div class=\"so-widget-sow-editor so-widget-sow-editor-base\">\n<div class=\"siteorigin-widget-tinymce textwidget\">\n\t<p>Bei einer Wurzelbehandlung wird das Innere des Zahnes, das Endodont, behandelt. Das hierin befindliche Weichgewebe wird als\u00a0<strong>Pulpa<\/strong>\u00a0bezeichnet.<\/p>\n<p>Eine Wurzelbehandlung wird notwendig, wenn die Pulpa entz\u00fcndet oder infiziert ist. Als\u00a0<strong>Ursache<\/strong>kommen tiefe Karies, Trauma, Haarrisse oder sehr h\u00e4ufig auch eine fehlgeschlagene Vorbehandlung in Frage.<\/p>\n<p>M\u00f6gliche\u00a0<strong>Symptome<\/strong>\u00a0sind:<\/p>\n<ul>\n<li>Hei\u00df- und K\u00e4ltempfindlichkeit<\/li>\n<li>Aufbiss- oder Klopfschmerz<\/li>\n<li>eine dunkle Zahnverf\u00e4rbung<\/li>\n<li>Schwellung oder Druckschmerz im Bereich des Zahnfleisches<\/li>\n<\/ul>\n<\/div>\n<\/div><\/div><\/div><\/div><div id=\"pg-121-1\"  class=\"panel-grid panel-no-style\" ><div id=\"pgc-121-1-0\"  class=\"panel-grid-cell\" ><div id=\"panel-121-1-0-0\" class=\"so-panel widget widget_sow-editor panel-first-child panel-last-child\" data-index=\"2\" ><div class=\"so-widget-sow-editor so-widget-sow-editor-base\">\n<div class=\"siteorigin-widget-tinymce textwidget\">\n\t<p>Mit der herk\u00f6mmlichen Technik wird meist nur ein Teil des Hauptwurzelkanals behandelt. Sehr h\u00e4ufig werden Nebenkan\u00e4le \u00fcbersehen. Die Folge ist, dass bereits nach kurzer Zeit Bakterien das Wurzelkanalsystem besiedeln und es zu einer erneuten Infektion kommt.<\/p>\n<\/div>\n<\/div><\/div><\/div><div id=\"pgc-121-1-1\"  class=\"panel-grid-cell\" ><div id=\"panel-121-1-1-0\" class=\"so-panel widget widget_sow-image panel-first-child panel-last-child\" data-index=\"3\" ><div class=\"so-widget-sow-image so-widget-sow-image-default-bd5cd9da0588\">\r\n\r\n<div class=\"sow-image-container\">\r\n\t<img src=\"https:\/\/wp.hahe.de\/wp-content\/uploads\/2019\/03\/endo_2.jpg\" width=\"408\" height=\"300\" srcset=\"https:\/\/wp.hahe.de\/wp-content\/uploads\/2019\/03\/endo_2.jpg 408w, https:\/\/wp.hahe.de\/wp-content\/uploads\/2019\/03\/endo_2-300x221.jpg 300w\" sizes=\"(max-width: 408px) 100vw, 408px\" alt=\"\" \t\tclass=\"so-widget-image\"\/>\r\n<\/div>\r\n\r\n<\/div><\/div><\/div><\/div><div id=\"pg-121-2\"  class=\"panel-grid panel-no-style\" ><div id=\"pgc-121-2-0\"  class=\"panel-grid-cell\" ><div id=\"panel-121-2-0-0\" class=\"so-panel widget widget_sow-image panel-first-child panel-last-child\" data-index=\"4\" ><div class=\"so-widget-sow-image so-widget-sow-image-default-bd5cd9da0588\">\r\n\r\n<div class=\"sow-image-container\">\r\n\t<img src=\"https:\/\/wp.hahe.de\/wp-content\/uploads\/2019\/03\/endo_4.jpg\" width=\"169\" height=\"300\" sizes=\"(max-width: 169px) 100vw, 169px\" alt=\"\" \t\tclass=\"so-widget-image\"\/>\r\n<\/div>\r\n\r\n<\/div><\/div><\/div><div id=\"pgc-121-2-1\"  class=\"panel-grid-cell\" ><div id=\"panel-121-2-1-0\" class=\"so-panel widget widget_sow-editor panel-first-child panel-last-child\" data-index=\"5\" ><div class=\"so-widget-sow-editor so-widget-sow-editor-base\">\n<div class=\"siteorigin-widget-tinymce textwidget\">\n\t<p>Im Rahmen der modernen Wurzelbehandlung wird das Wurzelkanalsystem unter Zuhilfenahme optischer Vergr\u00f6\u00dferungsm\u00f6glichkeiten perfekt aufbereitet, gereinigt und mit Sp\u00fcll\u00f6sungen, die durch Ultraschall aktiviert werden, desinfiziert. Dabei kommen Instrumente zum Einsatz, die teilweise nur 0,06 mm fein sind. Das entz\u00fcndlich ver\u00e4nderte Gewebe, Bakterien und toxische Substanzen werden dadurch entfernt. Abschlie\u00dfend wird das Wurzelkanalsystem mit einer aufw\u00e4ndigen Technik gef\u00fcllt \u2013 mit dem Ziel, keine Hohlr\u00e4ume mehr zu belassen. So ist es m\u00f6glich, einen Zahn ein Leben lang zu erhalten, der andernfalls entfernt werden m\u00fcsste.<\/p>\n<\/div>\n<\/div><\/div><\/div><\/div><div id=\"pg-121-3\"  class=\"panel-grid panel-no-style\" ><div id=\"pgc-121-3-0\"  class=\"panel-grid-cell\" ><div id=\"panel-121-3-0-0\" class=\"so-panel widget widget_sow-editor panel-first-child panel-last-child\" data-index=\"6\" ><div class=\"so-widget-sow-editor so-widget-sow-editor-base\">\n<div class=\"siteorigin-widget-tinymce textwidget\">\n\t<p>Nach einer erfolgreichen endodontologischen Behandlung k\u00f6nne sogar Z\u00e4hne, die paragingival (= auf H\u00f6he des Zahnfleisches) abgebrochen oder defekt sind, wieder mit einem speziellen Glasfaserstift-System adh\u00e4siv aufgebaut werden. Danach k\u00f6nnen diese Z\u00e4hne \u00fcberkront werden und sind \u00e4sthetisch, wie auch funktionell widerhergestellt.<\/p>\n<\/div>\n<\/div><\/div><\/div><div id=\"pgc-121-3-1\"  class=\"panel-grid-cell\" ><div id=\"panel-121-3-1-0\" class=\"so-panel widget widget_sow-image panel-first-child panel-last-child\" data-index=\"7\" ><div class=\"so-widget-sow-image so-widget-sow-image-default-bd5cd9da0588\">\r\n\r\n<div class=\"sow-image-container\">\r\n\t<img src=\"https:\/\/wp.hahe.de\/wp-content\/uploads\/2019\/03\/endo_3.jpg\" width=\"400\" height=\"300\" srcset=\"https:\/\/wp.hahe.de\/wp-content\/uploads\/2019\/03\/endo_3.jpg 400w, https:\/\/wp.hahe.de\/wp-content\/uploads\/2019\/03\/endo_3-300x225.jpg 300w\" sizes=\"(max-width: 400px) 100vw, 400px\" alt=\"\" \t\tclass=\"so-widget-image\"\/>\r\n<\/div>\r\n\r\n<\/div><\/div><\/div><\/div><\/div>","protected":false},"excerpt":{"rendered":"<p>Bei einer Wurzelbehandlung wird das Innere des Zahnes, das Endodont, behandelt. Das hierin befindliche Weichgewebe wird als\u00a0Pulpa\u00a0bezeichnet. Eine Wurzelbehandlung wird notwendig, wenn die Pulpa entz\u00fcndet oder infiziert ist. Als\u00a0Ursachekommen tiefe Karies, Trauma, Haarrisse oder sehr h\u00e4ufig auch eine fehlgeschlagene Vorbehandlung in Frage. M\u00f6gliche\u00a0Symptome\u00a0sind: Hei\u00df- und K\u00e4ltempfindlichkeit Aufbiss- oder Klopfschmerz eine dunkle Zahnverf\u00e4rbung Schwellung oder Druckschmerz &hellip; <a href=\"https:\/\/hahe.de\/index.php\/endodontologie-wurzelkanalbehandlung\/\" title=\"Endodontologie (Wurzelkanalbehandlung)\" class=\"read-more\">Read More<\/a><\/p>\n","protected":false},"author":1,"featured_media":0,"parent":0,"menu_order":0,"comment_status":"closed","ping_status":"closed","template":"","meta":[],"_links":{"self":[{"href":"https:\/\/hahe.de\/index.php\/wp-json\/wp\/v2\/pages\/121"}],"collection":[{"href":"https:\/\/hahe.de\/index.php\/wp-json\/wp\/v2\/pages"}],"about":[{"href":"https:\/\/hahe.de\/index.php\/wp-json\/wp\/v2\/types\/page"}],"author":[{"embeddable":true,"href":"https:\/\/hahe.de\/index.php\/wp-json\/wp\/v2\/users\/1"}],"replies":[{"embeddable":true,"href":"https:\/\/hahe.de\/index.php\/wp-json\/wp\/v2\/comments?post=121"}],"version-history":[{"count":10,"href":"https:\/\/hahe.de\/index.php\/wp-json\/wp\/v2\/pages\/121\/revisions"}],"predecessor-version":[{"id":203,"href":"https:\/\/hahe.de\/index.php\/wp-json\/wp\/v2\/pages\/121\/revisions\/203"}],"wp:attachment":[{"href":"https:\/\/hahe.de\/index.php\/wp-json\/wp\/v2\/media?parent=121"}],"curies":[{"name":"wp","href":"https:\/\/api.w.org\/{rel}","templated":true}]}}