{"id":113,"date":"2019-03-17T13:55:49","date_gmt":"2019-03-17T13:55:49","guid":{"rendered":"https:\/\/wp.hahe.de\/?page_id=113"},"modified":"2019-03-17T13:57:49","modified_gmt":"2019-03-17T13:57:49","slug":"parodontologie","status":"publish","type":"page","link":"https:\/\/hahe.de\/index.php\/parodontologie\/","title":{"rendered":"Parodontologie"},"content":{"rendered":"<div id=\"pl-113\"  class=\"panel-layout\" ><div id=\"pg-113-0\"  class=\"panel-grid panel-no-style\" ><div id=\"pgc-113-0-0\"  class=\"panel-grid-cell\" ><div id=\"panel-113-0-0-0\" class=\"so-panel widget widget_sow-image panel-first-child panel-last-child\" data-index=\"0\" ><div class=\"so-widget-sow-image so-widget-sow-image-default-bd5cd9da0588\">\r\n\r\n<div class=\"sow-image-container\">\r\n\t<img src=\"https:\/\/wp.hahe.de\/wp-content\/uploads\/2019\/03\/parodontologie_2.jpg\" width=\"300\" height=\"232\" sizes=\"(max-width: 300px) 100vw, 300px\" alt=\"\" \t\tclass=\"so-widget-image\"\/>\r\n<\/div>\r\n\r\n<\/div><\/div><\/div><div id=\"pgc-113-0-1\"  class=\"panel-grid-cell\" ><div id=\"panel-113-0-1-0\" class=\"so-panel widget widget_sow-editor panel-first-child panel-last-child\" data-index=\"1\" ><div class=\"so-widget-sow-editor so-widget-sow-editor-base\">\n<div class=\"siteorigin-widget-tinymce textwidget\">\n\t<p style=\"text-align: left;\"><strong>Was ist eine Parodontitis?<\/strong><br \/>\nParodontitis ist eine Entz\u00fcndung des Zahnhalteapparates. Dazu z\u00e4hlen Kieferknochen, Zahnfleisch, Zahnhals, Wurzelzement und Wurzelhaut. Parodontitis und Karies sind die h\u00e4ufigsten bakteriellen Erkrankungen. Hauptursache sind Bakterien, die sich im Zahnbelag ansammeln. Im Erwachsenenalter ist die Parodontitis die Hauptursache f\u00fcr Zahnverlust. Sch\u00e4tzungen zufolge leiden 60 bis 80 Prozent aller Erwachsenen an einer Parodontitis, die fatalerweise h\u00e4ufig schmerzlos verl\u00e4uft. Fast unbemerkt bilden sich Zahnfleischtaschen, und der Kieferknochen wird abgebaut. Das Zahnfleisch ist ger\u00f6tet, es blutet, Z\u00e4hne lockern sich, unangenehmer Mundgeruch kommt dazu. Eine der Hauptursachen sind Bakterien in den Zahnfleischtaschen. Die zahn\u00e4rztliche Behandlung besteht in der deutlichen Reduktion der Bakterien in den Zahnfleischtaschen mit mechanischen und chemischen Methoden.<\/p>\n<\/div>\n<\/div><\/div><\/div><\/div><div id=\"pg-113-1\"  class=\"panel-grid panel-no-style\" ><div id=\"pgc-113-1-0\"  class=\"panel-grid-cell\" ><div id=\"panel-113-1-0-0\" class=\"so-panel widget widget_sow-editor panel-first-child panel-last-child\" data-index=\"2\" ><div class=\"so-widget-sow-editor so-widget-sow-editor-base\">\n<div class=\"siteorigin-widget-tinymce textwidget\">\n\t<p><strong>Besteht ein Zusammenhang zwischen Parodontitis und anderen Erkrankungen?<\/strong><br \/>\nSchon seit l\u00e4ngerem wird Parodontitis mit Herzinfarkt, Schlaganfall und sogar mit einem erh\u00f6hten Risiko zur Fr\u00fchgeburt in Verbindung gebracht. Dieser Zusammenhang wird dadurch begr\u00fcndet, dass die Abbaustoffe der Bakterien in den Zahnfleischtaschen \u00fcber die Blutbahn in den ganzen K\u00f6rper gebracht werden. Diese Abbaustoffe wirken im K\u00f6rper wie Toxine (Giftstoffe) und k\u00f6nnen daher die genannten Erkrankungen beg\u00fcnstigen. Auch Raucher und Diabetiker haben ein besonders hohes Erkrankungsrisiko aufgrund der reduzierten Durchblutung in der Mundh\u00f6hle.<\/p>\n<p><strong>Parodontitisbehandlung (PA)<\/strong><strong><br \/>\n<\/strong>Unsere Parodontitisbehandlung ist sehr gewebeschonend und besteht aus einer Ultraschallbehandlung, einer antibakteriellen Sp\u00fclung mit zus\u00e4tzlicher mikromechanichen Reinigung der Wurzeloberfl\u00e4che und einer Reinigung mit Handinstrumenten. Erg\u00e4nzend bieten wir zur Unterst\u00fctzung Laboranalysen, ein Bakteriogramm zur gezielten antibiotischen Unterst\u00fctzung, einen Test zur Identifizierung einer genbedingten Parodontitisneigung sowie Therapeutika aus der Naturheilkunde an. Dieses patientenfreundliche Behandlungskonzept dient der schonenden Eliminierung des pathologischen Biofilms und somit dem Erhalt des gesunden Parodontiums.<\/p>\n<p>Nach einer erfolgreichen Parodontitsbehandlung wird dieser gesunde Parodontalzustand mit Hilfe eines individuell f\u00fcr den Patienten erstellten professionellen Zahnreinigungsprogrammes (iPZR)f\u00fcr die Zukunft gesichert.<\/p>\n<\/div>\n<\/div><\/div><\/div><div id=\"pgc-113-1-1\"  class=\"panel-grid-cell\" ><div id=\"panel-113-1-1-0\" class=\"so-panel widget widget_sow-image panel-first-child panel-last-child\" data-index=\"3\" ><div class=\"so-widget-sow-image so-widget-sow-image-default-bd5cd9da0588\">\r\n\r\n<div class=\"sow-image-container\">\r\n\t<img src=\"https:\/\/wp.hahe.de\/wp-content\/uploads\/2019\/03\/parodontologie_1.jpg\" width=\"300\" height=\"281\" sizes=\"(max-width: 300px) 100vw, 300px\" alt=\"\" \t\tclass=\"so-widget-image\"\/>\r\n<\/div>\r\n\r\n<\/div><\/div><\/div><\/div><\/div>","protected":false},"excerpt":{"rendered":"<p>Was ist eine Parodontitis? Parodontitis ist eine Entz\u00fcndung des Zahnhalteapparates. Dazu z\u00e4hlen Kieferknochen, Zahnfleisch, Zahnhals, Wurzelzement und Wurzelhaut. Parodontitis und Karies sind die h\u00e4ufigsten bakteriellen Erkrankungen. Hauptursache sind Bakterien, die sich im Zahnbelag ansammeln. Im Erwachsenenalter ist die Parodontitis die Hauptursache f\u00fcr Zahnverlust. Sch\u00e4tzungen zufolge leiden 60 bis 80 Prozent aller Erwachsenen an einer Parodontitis, &hellip; <a href=\"https:\/\/hahe.de\/index.php\/parodontologie\/\" title=\"Parodontologie\" class=\"read-more\">Read More<\/a><\/p>\n","protected":false},"author":1,"featured_media":0,"parent":0,"menu_order":0,"comment_status":"closed","ping_status":"closed","template":"","meta":[],"_links":{"self":[{"href":"https:\/\/hahe.de\/index.php\/wp-json\/wp\/v2\/pages\/113"}],"collection":[{"href":"https:\/\/hahe.de\/index.php\/wp-json\/wp\/v2\/pages"}],"about":[{"href":"https:\/\/hahe.de\/index.php\/wp-json\/wp\/v2\/types\/page"}],"author":[{"embeddable":true,"href":"https:\/\/hahe.de\/index.php\/wp-json\/wp\/v2\/users\/1"}],"replies":[{"embeddable":true,"href":"https:\/\/hahe.de\/index.php\/wp-json\/wp\/v2\/comments?post=113"}],"version-history":[{"count":7,"href":"https:\/\/hahe.de\/index.php\/wp-json\/wp\/v2\/pages\/113\/revisions"}],"predecessor-version":[{"id":120,"href":"https:\/\/hahe.de\/index.php\/wp-json\/wp\/v2\/pages\/113\/revisions\/120"}],"wp:attachment":[{"href":"https:\/\/hahe.de\/index.php\/wp-json\/wp\/v2\/media?parent=113"}],"curies":[{"name":"wp","href":"https:\/\/api.w.org\/{rel}","templated":true}]}}