{"id":111,"date":"2019-03-17T13:53:56","date_gmt":"2019-03-17T13:53:56","guid":{"rendered":"https:\/\/wp.hahe.de\/?page_id=111"},"modified":"2019-03-17T13:53:56","modified_gmt":"2019-03-17T13:53:56","slug":"schwerpunkte","status":"publish","type":"page","link":"https:\/\/hahe.de\/index.php\/schwerpunkte\/","title":{"rendered":"Schwerpunkte"},"content":{"rendered":"<div id=\"pl-111\"  class=\"panel-layout\" ><div id=\"pg-111-0\"  class=\"panel-grid panel-no-style\" ><div id=\"pgc-111-0-0\"  class=\"panel-grid-cell\" ><div id=\"panel-111-0-0-0\" class=\"so-panel widget widget_sow-editor panel-first-child panel-last-child\" data-index=\"0\" ><div class=\"so-widget-sow-editor so-widget-sow-editor-base\">\n<div class=\"siteorigin-widget-tinymce textwidget\">\n\t<h1>Unsere Behandlungsschwerpunkte<\/h1>\n<p>Unser zahnmedizinisches Leistungsspektrum ist sehr fortschrittlich - durch st\u00e4ndige Fort- und Weiterbildungen des gesamten Teams k\u00f6nnen wir unsere Patienten auf dem h\u00f6chsten Niveau der Zahnmedizin behandeln. Je nachdem, welche W\u00fcnsche Sie haben, wie ihr Allgemeinzustand und der ihres Kauorganes ist, erstellen wir f\u00fcr Sie ein ma\u00dfgeschneidertes Behandlungskonzept.<\/p>\n<p>Zu den Leistungsschwerpunkten unserer Praxis geh\u00f6ren:<\/p>\n<p><a href=\"endodontologie.htm\">Endodontologie<\/a><\/p>\n<p><a href=\"paradontologie.htm\">Parodontologie<\/a><\/p>\n<p><a href=\"schnarchen.htm\">Schnarchen und schlafbezogene Atemst\u00f6rungen<\/a><\/p>\n<\/div>\n<\/div><\/div><\/div><\/div><\/div>","protected":false},"excerpt":{"rendered":"<p>Unsere Behandlungsschwerpunkte Unser zahnmedizinisches Leistungsspektrum ist sehr fortschrittlich &#8211; durch st\u00e4ndige Fort- und Weiterbildungen des gesamten Teams k\u00f6nnen wir unsere Patienten auf dem h\u00f6chsten Niveau der Zahnmedizin behandeln. Je nachdem, welche W\u00fcnsche Sie haben, wie ihr Allgemeinzustand und der ihres Kauorganes ist, erstellen wir f\u00fcr Sie ein ma\u00dfgeschneidertes Behandlungskonzept. Zu den Leistungsschwerpunkten unserer Praxis geh\u00f6ren: &hellip; <a href=\"https:\/\/hahe.de\/index.php\/schwerpunkte\/\" title=\"Schwerpunkte\" class=\"read-more\">Read More<\/a><\/p>\n","protected":false},"author":1,"featured_media":0,"parent":0,"menu_order":0,"comment_status":"closed","ping_status":"closed","template":"","meta":[],"_links":{"self":[{"href":"https:\/\/hahe.de\/index.php\/wp-json\/wp\/v2\/pages\/111"}],"collection":[{"href":"https:\/\/hahe.de\/index.php\/wp-json\/wp\/v2\/pages"}],"about":[{"href":"https:\/\/hahe.de\/index.php\/wp-json\/wp\/v2\/types\/page"}],"author":[{"embeddable":true,"href":"https:\/\/hahe.de\/index.php\/wp-json\/wp\/v2\/users\/1"}],"replies":[{"embeddable":true,"href":"https:\/\/hahe.de\/index.php\/wp-json\/wp\/v2\/comments?post=111"}],"version-history":[{"count":1,"href":"https:\/\/hahe.de\/index.php\/wp-json\/wp\/v2\/pages\/111\/revisions"}],"predecessor-version":[{"id":112,"href":"https:\/\/hahe.de\/index.php\/wp-json\/wp\/v2\/pages\/111\/revisions\/112"}],"wp:attachment":[{"href":"https:\/\/hahe.de\/index.php\/wp-json\/wp\/v2\/media?parent=111"}],"curies":[{"name":"wp","href":"https:\/\/api.w.org\/{rel}","templated":true}]}}